{"id":12555,"date":"2021-12-22T12:01:36","date_gmt":"2021-12-22T11:01:36","guid":{"rendered":"https:\/\/nova2.cemedic.ba\/slusni-centar\/?page_id=12555"},"modified":"2021-12-31T11:28:40","modified_gmt":"2021-12-31T10:28:40","slug":"servis","status":"publish","type":"page","link":"https:\/\/cemedic.ba\/slusni-centar\/servis\/","title":{"rendered":"Servis"},"content":{"rendered":"\t\t<div data-elementor-type=\"wp-page\" data-elementor-id=\"12555\" class=\"elementor elementor-12555\" data-elementor-post-type=\"page\">\n\t\t\t\t\t\t<section class=\"elementor-section elementor-top-section elementor-element elementor-element-f6e9094 elementor-section-height-min-height elementor-section-boxed elementor-section-height-default elementor-section-items-middle\" data-id=\"f6e9094\" data-element_type=\"section\" data-settings=\"{&quot;background_background&quot;:&quot;classic&quot;}\">\n\t\t\t\t\t\t\t<div class=\"elementor-background-overlay\"><\/div>\n\t\t\t\t\t\t\t<div class=\"elementor-container elementor-column-gap-no\">\n\t\t\t\t\t<div class=\"elementor-column elementor-col-100 elementor-top-column elementor-element elementor-element-a2eba3f\" data-id=\"a2eba3f\" data-element_type=\"column\">\n\t\t\t<div class=\"elementor-widget-wrap elementor-element-populated\">\n\t\t\t\t\t\t<div class=\"elementor-element elementor-element-1b7774f elementor-icon-list--layout-inline elementor-align-left elementor-list-item-link-full_width elementor-widget elementor-widget-icon-list\" data-id=\"1b7774f\" data-element_type=\"widget\" data-widget_type=\"icon-list.default\">\n\t\t\t\t<div class=\"elementor-widget-container\">\n\t\t\t\t\t\t\t<ul class=\"elementor-icon-list-items elementor-inline-items\">\n\t\t\t\t\t\t\t<li class=\"elementor-icon-list-item elementor-inline-item\">\n\t\t\t\t\t\t\t\t\t\t\t<a href=\"\/\">\n\n\t\t\t\t\t\t\t\t\t\t\t\t<span class=\"elementor-icon-list-icon\">\n\t\t\t\t\t\t\t<i aria-hidden=\"true\" class=\"fas fa-home\"><\/i>\t\t\t\t\t\t<\/span>\n\t\t\t\t\t\t\t\t\t\t<span class=\"elementor-icon-list-text\">Naslovna<\/span>\n\t\t\t\t\t\t\t\t\t\t\t<\/a>\n\t\t\t\t\t\t\t\t\t<\/li>\n\t\t\t\t\t\t\t\t<li class=\"elementor-icon-list-item elementor-inline-item\">\n\t\t\t\t\t\t\t\t\t\t\t<span class=\"elementor-icon-list-icon\">\n\t\t\t\t\t\t\t<i aria-hidden=\"true\" class=\"fas fa-chevron-right\"><\/i>\t\t\t\t\t\t<\/span>\n\t\t\t\t\t\t\t\t\t\t<span class=\"elementor-icon-list-text\"><\/span>\n\t\t\t\t\t\t\t\t\t<\/li>\n\t\t\t\t\t\t<\/ul>\n\t\t\t\t\t\t<\/div>\n\t\t\t\t<\/div>\n\t\t\t\t\t<\/div>\n\t\t<\/div>\n\t\t\t\t\t<\/div>\n\t\t<\/section>\n\t\t\t\t<section class=\"elementor-section elementor-top-section elementor-element elementor-element-49c2f1e elementor-section-boxed elementor-section-height-default elementor-section-height-default\" data-id=\"49c2f1e\" data-element_type=\"section\">\n\t\t\t\t\t\t<div class=\"elementor-container elementor-column-gap-no\">\n\t\t\t\t\t<div class=\"elementor-column elementor-col-100 elementor-top-column elementor-element elementor-element-37c2900\" data-id=\"37c2900\" data-element_type=\"column\">\n\t\t\t<div class=\"elementor-widget-wrap elementor-element-populated\">\n\t\t\t\t\t\t<div class=\"elementor-element elementor-element-dc775b4 elementor-widget elementor-widget-heading\" data-id=\"dc775b4\" data-element_type=\"widget\" data-widget_type=\"heading.default\">\n\t\t\t\t<div class=\"elementor-widget-container\">\n\t\t\t\t\t<h5 class=\"elementor-heading-title elementor-size-default\">USLUGE<\/h5>\t\t\t\t<\/div>\n\t\t\t\t<\/div>\n\t\t\t\t<div class=\"elementor-element elementor-element-892e3ec elementor-widget elementor-widget-heading\" data-id=\"892e3ec\" data-element_type=\"widget\" data-widget_type=\"heading.default\">\n\t\t\t\t<div class=\"elementor-widget-container\">\n\t\t\t\t\t<h2 class=\"elementor-heading-title elementor-size-default\">Servis<\/h2>\t\t\t\t<\/div>\n\t\t\t\t<\/div>\n\t\t\t\t<div class=\"elementor-element elementor-element-8a97d5c elementor-widget elementor-widget-text-editor\" data-id=\"8a97d5c\" data-element_type=\"widget\" data-widget_type=\"text-editor.default\">\n\t\t\t\t<div class=\"elementor-widget-container\">\n\t\t\t\t\t\t\t\t\t<p>Veoma je va\u017eno svakodnevno odr\u017eavanje slu\u0161nog aparata kao i redovno servisiranje. Pravilno odr\u017eavanje poma\u017ee da sa aparatom bolje \u010dujete a produ\u017eava se i vijek trajanja Va\u0161em slu\u0161nom aparatu. Koristite svaku priliku da prilikom posjete na\u0161em servisu pitate za nove mogu\u0107nosti i sredstva za odr\u017eavanje i \u010di\u0161\u0107enje.<\/p>\n<p>Svim korisnicima alu\u0161nog aparata savjetujemo:<\/p>\n<ul>\n<li>Pa\u017eljivo rukujte Va\u0161im slu\u0161nim aparatom<\/li>\n<li>Pravovremeno mijenjajte baterije, to tako\u0111er uti\u010de na kvalitet aparata<\/li>\n<li>Isklju\u010dite slu\u0161ni aparat kada ga ne koritite, tako \u0161to \u0107ete izvaditi bateriju ili samo otvoriti vrata na aparatu i tako prekinuti kontakt baterije sa aparatom<\/li>\n<li>\u010cesto o\u010distite kontaktne povr\u0161ine baterije, po\u017eeljno pamu\u010dnom \u010distom krpicom. Tako \u0107e aparat bolje biti u funkciji<\/li>\n<li>Povremeno o\u010distite suhom pamu\u010dnom krpicom i samo ku\u0107i\u0161te aparata<\/li>\n<li>Kada aparat ne koristite, odlo\u017eite ga u kutijicu u kojoj je isporu\u010den, tako \u0107ete obezbjediti da bude na tamnom i suhom mjestu te dalje od dohvata djece i drugih osoba<\/li>\n<li>Prilikom kori\u0161tenja parata, dolazi do nakupljanja u\u0161ne masti na individualnu olivu ili sam aparat pa je neophodno povremeno istu ukloniti sa povr\u0161ine. Kanale olive ili nedostupna mjesta ne bi trebalo da sami \u010distite, to radije prepustite na\u0161em tehni\u010dkom osoblju<\/li>\n<li>Nemojte nositi slu\u0161ni aparat kada se kupate,\u00a0 plivate,\u00a0 fenirate kosu ili kada stavljate kozmetiku za kosu, kada ste na ki\u0161i bez ki\u0161obrana i u atmosferi sa povi\u0161enom vlagom<\/li>\n<li>Obavezno skinite slu\u0161ni aparat kada idete na spavanje<\/li>\n<li>Za\u0161titite aparat od svih drugih uticaja koji mogu o\u0161tetiti aparat: vlaga, ki\u0161a na vjetru, snijeg ili velika koncentracija pra\u0161ine<br \/><br \/><\/li>\n<\/ul>\n<p>Redovna posjeta na\u0161em servisu, pomo\u0107i \u0107e Vam u odr\u017eavanju Va\u0161ih slu\u0161nih aparata, u\u010dinit \u0107e Va\u0161u svakodnevicu ugodnijom i sa vi\u0161e \u017eivotnog komfora. Slu\u0161ajte savjete na\u0161ih stru\u010dnjaka i redovno se savjetujte o svim problemima koje primjetite.<\/p>\n<p><!-- \/wp:paragraph --><\/p>\t\t\t\t\t\t\t\t<\/div>\n\t\t\t\t<\/div>\n\t\t\t\t<div class=\"elementor-element elementor-element-b56a5d1 elementor-align-right elementor-mobile-align-left elementor-invisible elementor-widget elementor-widget-button\" data-id=\"b56a5d1\" data-element_type=\"widget\" data-settings=\"{&quot;_animation&quot;:&quot;fadeInLeft&quot;}\" data-widget_type=\"button.default\">\n\t\t\t\t<div class=\"elementor-widget-container\">\n\t\t\t\t\t\t\t\t\t<div class=\"elementor-button-wrapper\">\n\t\t\t\t\t<a class=\"elementor-button elementor-button-link elementor-size-sm elementor-animation-float\" href=\"\/slusni-centar\/kontakt\">\n\t\t\t\t\t\t<span class=\"elementor-button-content-wrapper\">\n\t\t\t\t\t\t<span class=\"elementor-button-icon\">\n\t\t\t\t<i aria-hidden=\"true\" class=\"fas fa-chevron-right\"><\/i>\t\t\t<\/span>\n\t\t\t\t\t\t\t\t\t<span class=\"elementor-button-text\">Kontaktirajte nas<\/span>\n\t\t\t\t\t<\/span>\n\t\t\t\t\t<\/a>\n\t\t\t\t<\/div>\n\t\t\t\t\t\t\t\t<\/div>\n\t\t\t\t<\/div>\n\t\t\t\t\t<\/div>\n\t\t<\/div>\n\t\t\t\t\t<\/div>\n\t\t<\/section>\n\t\t\t\t<\/div>\n\t\t","protected":false},"excerpt":{"rendered":"<p>Naslovna USLUGE Servis Veoma je va\u017eno svakodnevno odr\u017eavanje slu\u0161nog aparata kao i redovno servisiranje. Pravilno odr\u017eavanje poma\u017ee da sa aparatom bolje \u010dujete a produ\u017eava se i vijek trajanja Va\u0161em slu\u0161nom aparatu. Koristite svaku priliku da prilikom posjete na\u0161em servisu pitate za nove mogu\u0107nosti i sredstva za odr\u017eavanje i \u010di\u0161\u0107enje. Svim korisnicima alu\u0161nog aparata savjetujemo: Pa\u017eljivo [&hellip;]<\/p>\n","protected":false},"author":1,"featured_media":0,"parent":0,"menu_order":0,"comment_status":"closed","ping_status":"closed","template":"elementor_header_footer","meta":{"footnotes":""},"class_list":["post-12555","page","type-page","status-publish","hentry"],"_links":{"self":[{"href":"https:\/\/cemedic.ba\/slusni-centar\/wp-json\/wp\/v2\/pages\/12555","targetHints":{"allow":["GET"]}}],"collection":[{"href":"https:\/\/cemedic.ba\/slusni-centar\/wp-json\/wp\/v2\/pages"}],"about":[{"href":"https:\/\/cemedic.ba\/slusni-centar\/wp-json\/wp\/v2\/types\/page"}],"author":[{"embeddable":true,"href":"https:\/\/cemedic.ba\/slusni-centar\/wp-json\/wp\/v2\/users\/1"}],"replies":[{"embeddable":true,"href":"https:\/\/cemedic.ba\/slusni-centar\/wp-json\/wp\/v2\/comments?post=12555"}],"version-history":[{"count":42,"href":"https:\/\/cemedic.ba\/slusni-centar\/wp-json\/wp\/v2\/pages\/12555\/revisions"}],"predecessor-version":[{"id":13066,"href":"https:\/\/cemedic.ba\/slusni-centar\/wp-json\/wp\/v2\/pages\/12555\/revisions\/13066"}],"wp:attachment":[{"href":"https:\/\/cemedic.ba\/slusni-centar\/wp-json\/wp\/v2\/media?parent=12555"}],"curies":[{"name":"wp","href":"https:\/\/api.w.org\/{rel}","templated":true}]}}