{"id":12703,"date":"2021-12-22T14:29:57","date_gmt":"2021-12-22T13:29:57","guid":{"rendered":"https:\/\/nova2.cemedic.ba\/slusni-centar\/proizvod\/slusni-aparat-alfa3-b-4\/"},"modified":"2022-01-15T09:31:10","modified_gmt":"2022-01-15T08:31:10","slug":"slusni-aparat-alfa3-b-4","status":"publish","type":"product","link":"https:\/\/cemedic.ba\/slusni-centar\/proizvod\/slusni-aparat-alfa3-b-4\/","title":{"rendered":"Slu\u0161ni aparat Alfa3-B"},"content":{"rendered":"<p>Vi\u0161e informacija mo\u017eete prona\u0107i u <a href=\"https:\/\/cemedic.ba\/slusni-centar\/wp-content\/uploads\/2022\/01\/helix_alfa3-brochure.pdf\">bro\u0161uri<\/a>.<\/p>\n","protected":false},"excerpt":{"rendered":"<p>Vi\u0161e informacija mo\u017eete prona\u0107i u bro\u0161uri.<\/p>\n","protected":false},"featured_media":12614,"template":"","meta":[],"product_brand":[],"product_cat":[405],"product_tag":[],"class_list":{"0":"post-12703","1":"product","2":"type-product","3":"status-publish","4":"has-post-thumbnail","6":"product_cat-aparat-u-uhu-ite","8":"first","9":"instock","10":"shipping-taxable","11":"product-type-simple"},"_links":{"self":[{"href":"https:\/\/cemedic.ba\/slusni-centar\/wp-json\/wp\/v2\/product\/12703","targetHints":{"allow":["GET"]}}],"collection":[{"href":"https:\/\/cemedic.ba\/slusni-centar\/wp-json\/wp\/v2\/product"}],"about":[{"href":"https:\/\/cemedic.ba\/slusni-centar\/wp-json\/wp\/v2\/types\/product"}],"wp:featuredmedia":[{"embeddable":true,"href":"https:\/\/cemedic.ba\/slusni-centar\/wp-json\/wp\/v2\/media\/12614"}],"wp:attachment":[{"href":"https:\/\/cemedic.ba\/slusni-centar\/wp-json\/wp\/v2\/media?parent=12703"}],"wp:term":[{"taxonomy":"product_brand","embeddable":true,"href":"https:\/\/cemedic.ba\/slusni-centar\/wp-json\/wp\/v2\/product_brand?post=12703"},{"taxonomy":"product_cat","embeddable":true,"href":"https:\/\/cemedic.ba\/slusni-centar\/wp-json\/wp\/v2\/product_cat?post=12703"},{"taxonomy":"product_tag","embeddable":true,"href":"https:\/\/cemedic.ba\/slusni-centar\/wp-json\/wp\/v2\/product_tag?post=12703"}],"curies":[{"name":"wp","href":"https:\/\/api.w.org\/{rel}","templated":true}]}}