{"id":12711,"date":"2021-12-22T14:30:01","date_gmt":"2021-12-22T13:30:01","guid":{"rendered":"https:\/\/nova2.cemedic.ba\/slusni-centar\/proizvod\/slusni-aparat-force-200-3\/"},"modified":"2022-01-15T09:16:06","modified_gmt":"2022-01-15T08:16:06","slug":"slusni-aparat-force-200-3","status":"publish","type":"product","link":"https:\/\/cemedic.ba\/slusni-centar\/proizvod\/slusni-aparat-force-200-3\/","title":{"rendered":"Slu\u0161ni aparat Force-200"},"content":{"rendered":"<p>Vi\u0161e informacija mo\u017eete prona\u0107i u <a href=\"https:\/\/cemedic.ba\/slusni-centar\/wp-content\/uploads\/2022\/01\/helix_force_brochure.pdf\">bro\u0161uri<\/a>.<\/p>\n","protected":false},"excerpt":{"rendered":"<p>Vi\u0161e informacija mo\u017eete prona\u0107i u bro\u0161uri.<\/p>\n","protected":false},"featured_media":12621,"template":"","meta":[],"product_brand":[],"product_cat":[402],"product_tag":[],"class_list":{"0":"post-12711","1":"product","2":"type-product","3":"status-publish","4":"has-post-thumbnail","6":"product_cat-receiver-u-kanalu-ric","8":"first","9":"instock","10":"shipping-taxable","11":"product-type-simple"},"_links":{"self":[{"href":"https:\/\/cemedic.ba\/slusni-centar\/wp-json\/wp\/v2\/product\/12711","targetHints":{"allow":["GET"]}}],"collection":[{"href":"https:\/\/cemedic.ba\/slusni-centar\/wp-json\/wp\/v2\/product"}],"about":[{"href":"https:\/\/cemedic.ba\/slusni-centar\/wp-json\/wp\/v2\/types\/product"}],"wp:featuredmedia":[{"embeddable":true,"href":"https:\/\/cemedic.ba\/slusni-centar\/wp-json\/wp\/v2\/media\/12621"}],"wp:attachment":[{"href":"https:\/\/cemedic.ba\/slusni-centar\/wp-json\/wp\/v2\/media?parent=12711"}],"wp:term":[{"taxonomy":"product_brand","embeddable":true,"href":"https:\/\/cemedic.ba\/slusni-centar\/wp-json\/wp\/v2\/product_brand?post=12711"},{"taxonomy":"product_cat","embeddable":true,"href":"https:\/\/cemedic.ba\/slusni-centar\/wp-json\/wp\/v2\/product_cat?post=12711"},{"taxonomy":"product_tag","embeddable":true,"href":"https:\/\/cemedic.ba\/slusni-centar\/wp-json\/wp\/v2\/product_tag?post=12711"}],"curies":[{"name":"wp","href":"https:\/\/api.w.org\/{rel}","templated":true}]}}