{"id":12719,"date":"2021-12-22T14:30:04","date_gmt":"2021-12-22T13:30:04","guid":{"rendered":"https:\/\/nova2.cemedic.ba\/slusni-centar\/proizvod\/slusni-aparat-force-200-4\/"},"modified":"2022-01-15T09:12:38","modified_gmt":"2022-01-15T08:12:38","slug":"slusni-aparat-force-200-4","status":"publish","type":"product","link":"https:\/\/cemedic.ba\/slusni-centar\/proizvod\/slusni-aparat-force-200-4\/","title":{"rendered":"Slu\u0161ni aparat Force-200"},"content":{"rendered":"<p>Vi\u0161e informacija mo\u017eete prona\u0107i u <a href=\"https:\/\/cemedic.ba\/slusni-centar\/wp-content\/uploads\/2022\/01\/helix_force_brochure.pdf\">bro\u0161uri<\/a>.<\/p>\n","protected":false},"excerpt":{"rendered":"<p>Vi\u0161e informacija mo\u017eete prona\u0107i u bro\u0161uri.<\/p>\n","protected":false},"featured_media":12617,"template":"","meta":[],"product_brand":[],"product_cat":[404],"product_tag":[],"class_list":{"0":"post-12719","1":"product","2":"type-product","3":"status-publish","4":"has-post-thumbnail","6":"product_cat-aparat-potpuno-u-kanalu-cic","8":"first","9":"instock","10":"shipping-taxable","11":"product-type-simple"},"_links":{"self":[{"href":"https:\/\/cemedic.ba\/slusni-centar\/wp-json\/wp\/v2\/product\/12719","targetHints":{"allow":["GET"]}}],"collection":[{"href":"https:\/\/cemedic.ba\/slusni-centar\/wp-json\/wp\/v2\/product"}],"about":[{"href":"https:\/\/cemedic.ba\/slusni-centar\/wp-json\/wp\/v2\/types\/product"}],"wp:featuredmedia":[{"embeddable":true,"href":"https:\/\/cemedic.ba\/slusni-centar\/wp-json\/wp\/v2\/media\/12617"}],"wp:attachment":[{"href":"https:\/\/cemedic.ba\/slusni-centar\/wp-json\/wp\/v2\/media?parent=12719"}],"wp:term":[{"taxonomy":"product_brand","embeddable":true,"href":"https:\/\/cemedic.ba\/slusni-centar\/wp-json\/wp\/v2\/product_brand?post=12719"},{"taxonomy":"product_cat","embeddable":true,"href":"https:\/\/cemedic.ba\/slusni-centar\/wp-json\/wp\/v2\/product_cat?post=12719"},{"taxonomy":"product_tag","embeddable":true,"href":"https:\/\/cemedic.ba\/slusni-centar\/wp-json\/wp\/v2\/product_tag?post=12719"}],"curies":[{"name":"wp","href":"https:\/\/api.w.org\/{rel}","templated":true}]}}